{"id":1231,"date":"2025-10-26T15:53:11","date_gmt":"2025-10-26T15:53:11","guid":{"rendered":"https:\/\/clersvalencians.org\/?page_id=1231"},"modified":"2026-03-03T10:17:59","modified_gmt":"2026-03-03T09:17:59","slug":"recursos","status":"publish","type":"page","link":"https:\/\/comiteslocals.org\/cas\/recursos\/","title":{"rendered":"Recursos jur\u00eddicos"},"content":{"rendered":"<h2 class=\"wp-block-heading\">Recursos jur\u00eddicos<\/h2>\n\n\n<style>.wp-block-kadence-iconlist.kt-svg-icon-list-items1231_cf0f11-de:not(.this-stops-third-party-issues){margin-top:0px;margin-bottom:0px;}.wp-block-kadence-iconlist.kt-svg-icon-list-items1231_cf0f11-de ul.kt-svg-icon-list:not(.this-prevents-issues):not(.this-stops-third-party-issues):not(.tijsloc){margin-top:0px;margin-right:0px;margin-bottom:var(--global-kb-spacing-sm, 1.5rem);margin-left:0px;}.wp-block-kadence-iconlist.kt-svg-icon-list-items1231_cf0f11-de ul.kt-svg-icon-list{grid-row-gap:5px;}.wp-block-kadence-iconlist.kt-svg-icon-list-items1231_cf0f11-de ul.kt-svg-icon-list .kt-svg-icon-list-item-wrap .kt-svg-icon-list-single{margin-right:10px;}.kt-svg-icon-list-items1231_cf0f11-de ul.kt-svg-icon-list .kt-svg-icon-list-level-0 .kt-svg-icon-list-single svg{font-size:20px;}<\/style>\n<div class=\"wp-block-kadence-iconlist kt-svg-icon-list-items kt-svg-icon-list-items1231_cf0f11-de kt-svg-icon-list-columns-1 alignnone\"><ul class=\"kt-svg-icon-list\"><style>.kt-svg-icon-list-item-1231_e7fe43-06 .kt-svg-icon-list-text mark.kt-highlight{background-color:unset;font-style:normal;color:#f76a0c;-webkit-box-decoration-break:clone;box-decoration-break:clone;padding-top:0px;padding-right:0px;padding-bottom:0px;padding-left:0px;}<\/style>\n<li class=\"wp-block-kadence-listitem kt-svg-icon-list-item-wrap kt-svg-icon-list-item-1231_e7fe43-06\"><span class=\"kb-svg-icon-wrap kb-svg-icon-ic_document kt-svg-icon-list-single\"><svg viewbox=\"0 0 8 8\"  fill=\"currentColor\" xmlns=\"http:\/\/www.w3.org\/2000\/svg\"  aria-hidden=\"true\"><path d=\"M0 0v8h7v-4h-4v-4h-3zm4 0v3h3l-3-3zm-3 2h1v1h-1v-1zm0 2h1v1h-1v-1zm0 2h4v1h-4v-1z\"\/><\/svg><\/span><span class=\"kt-svg-icon-list-text\"><a href=\"https:\/\/comiteslocals.org\/wp-content\/uploads\/2026\/03\/Solicitud-de-informacion-publica-al-ayuntamiento-1.docx\">Modelo de solicitud de petici\u00f3n de informaci\u00f3n p\u00fablica al ayuntamiento.<\/a><\/span><\/li>\n\n\n<style>.kt-svg-icon-list-item-1231_df7f0a-97 .kt-svg-icon-list-text mark.kt-highlight{background-color:unset;font-style:normal;color:#f76a0c;-webkit-box-decoration-break:clone;box-decoration-break:clone;padding-top:0px;padding-right:0px;padding-bottom:0px;padding-left:0px;}<\/style>\n<li class=\"wp-block-kadence-listitem kt-svg-icon-list-item-wrap kt-svg-icon-list-item-1231_df7f0a-97\"><span class=\"kb-svg-icon-wrap kb-svg-icon-ic_document kt-svg-icon-list-single\"><svg viewbox=\"0 0 8 8\"  fill=\"currentColor\" xmlns=\"http:\/\/www.w3.org\/2000\/svg\"  aria-hidden=\"true\"><path d=\"M0 0v8h7v-4h-4v-4h-3zm4 0v3h3l-3-3zm-3 2h1v1h-1v-1zm0 2h1v1h-1v-1zm0 2h4v1h-4v-1z\"\/><\/svg><\/span><span class=\"kt-svg-icon-list-text\"><a href=\"https:\/\/comiteslocals.org\/wp-content\/uploads\/2026\/03\/Val.Aportacions-CLERs-al-plan-de-resilencia-hidrica-MITECO-frente-a-nuevas-DANAS.pdf\">Aportacions CLERs al plan de resilencia hi\u0301drica MITECO frente a nuevas DANAS<\/a><\/span><\/li>\n\n\n<style>.kt-svg-icon-list-item-1231_cfff28-c8 .kt-svg-icon-list-text mark.kt-highlight{background-color:unset;font-style:normal;color:#f76a0c;-webkit-box-decoration-break:clone;box-decoration-break:clone;padding-top:0px;padding-right:0px;padding-bottom:0px;padding-left:0px;}<\/style>\n<li class=\"wp-block-kadence-listitem kt-svg-icon-list-item-wrap kt-svg-icon-list-item-1231_cfff28-c8\"><span class=\"kb-svg-icon-wrap kb-svg-icon-ic_document kt-svg-icon-list-single\"><svg viewbox=\"0 0 8 8\"  fill=\"currentColor\" xmlns=\"http:\/\/www.w3.org\/2000\/svg\"  aria-hidden=\"true\"><path d=\"M0 0v8h7v-4h-4v-4h-3zm4 0v3h3l-3-3zm-3 2h1v1h-1v-1zm0 2h1v1h-1v-1zm0 2h4v1h-4v-1z\"\/><\/svg><\/span><span class=\"kt-svg-icon-list-text\"><a href=\"https:\/\/comiteslocals.org\/wp-content\/uploads\/2026\/03\/1Val.Al_.legacionsal_PlanEndavant_GV.pdf\">Al\u00b7legacions al Plan Endavant Generalitat Valenciana<\/a><\/span><\/li>\n<\/ul><\/div>\n\n\n\n<p><\/p>","protected":false},"excerpt":{"rendered":"<p>Recursos jur\u00eddicos<\/p>","protected":false},"author":1,"featured_media":0,"parent":0,"menu_order":0,"comment_status":"closed","ping_status":"closed","template":"","meta":{"_kadence_starter_templates_imported_post":false,"_kad_post_transparent":"","_kad_post_title":"","_kad_post_layout":"","_kad_post_sidebar_id":"","_kad_post_content_style":"","_kad_post_vertical_padding":"","_kad_post_feature":"","_kad_post_feature_position":"","_kad_post_header":false,"_kad_post_footer":false,"_kad_post_classname":"","activitypub_content_warning":"","activitypub_content_visibility":"","activitypub_max_image_attachments":4,"activitypub_interaction_policy_quote":"anyone","activitypub_status":"","footnotes":""},"class_list":["post-1231","page","type-page","status-publish","hentry"],"_links":{"self":[{"href":"https:\/\/comiteslocals.org\/cas\/wp-json\/wp\/v2\/pages\/1231","targetHints":{"allow":["GET"]}}],"collection":[{"href":"https:\/\/comiteslocals.org\/cas\/wp-json\/wp\/v2\/pages"}],"about":[{"href":"https:\/\/comiteslocals.org\/cas\/wp-json\/wp\/v2\/types\/page"}],"author":[{"embeddable":true,"href":"https:\/\/comiteslocals.org\/cas\/wp-json\/wp\/v2\/users\/1"}],"replies":[{"embeddable":true,"href":"https:\/\/comiteslocals.org\/cas\/wp-json\/wp\/v2\/comments?post=1231"}],"version-history":[{"count":8,"href":"https:\/\/comiteslocals.org\/cas\/wp-json\/wp\/v2\/pages\/1231\/revisions"}],"predecessor-version":[{"id":1815,"href":"https:\/\/comiteslocals.org\/cas\/wp-json\/wp\/v2\/pages\/1231\/revisions\/1815"}],"wp:attachment":[{"href":"https:\/\/comiteslocals.org\/cas\/wp-json\/wp\/v2\/media?parent=1231"}],"curies":[{"name":"wp","href":"https:\/\/api.w.org\/{rel}","templated":true}]}}